{"id":1646,"date":"2023-02-06T19:17:48","date_gmt":"2023-02-06T18:17:48","guid":{"rendered":"https:\/\/www.mosaik.haus\/?page_id=1646"},"modified":"2023-02-26T10:16:41","modified_gmt":"2023-02-26T09:16:41","slug":"about","status":"publish","type":"page","link":"https:\/\/www.mosaik.haus\/en\/about\/","title":{"rendered":"About Us"},"content":{"rendered":"<div data-elementor-type=\"wp-page\" data-elementor-id=\"1646\" class=\"elementor elementor-1646\" data-elementor-post-type=\"page\">\n\t\t\t\t\t\t<section data-particle_enable=\"false\" data-particle-mobile-disabled=\"false\" class=\"elementor-section elementor-top-section elementor-element elementor-element-f3b4b7a elementor-section-height-min-height elementor-section-boxed elementor-section-height-default elementor-section-items-middle\" data-id=\"f3b4b7a\" data-element_type=\"section\" data-e-type=\"section\" data-settings=\"{&quot;background_background&quot;:&quot;classic&quot;}\">\n\t\t\t\t\t\t<div class=\"elementor-container elementor-column-gap-default\">\n\t\t\t\t\t<div class=\"elementor-column elementor-col-100 elementor-top-column elementor-element elementor-element-9922170\" data-id=\"9922170\" data-element_type=\"column\" data-e-type=\"column\">\n\t\t\t<div class=\"elementor-widget-wrap elementor-element-populated\">\n\t\t\t\t\t\t<div class=\"elementor-element elementor-element-2c72434 elementor-widget elementor-widget-heading\" data-id=\"2c72434\" data-element_type=\"widget\" data-e-type=\"widget\" data-widget_type=\"heading.default\">\n\t\t\t\t<div class=\"elementor-widget-container\">\n\t\t\t\t\t<h2 class=\"elementor-heading-title elementor-size-default\">About Us<\/h2>\t\t\t\t<\/div>\n\t\t\t\t<\/div>\n\t\t\t\t\t<\/div>\n\t\t<\/div>\n\t\t\t\t\t<\/div>\n\t\t<\/section>\n\t\t\t\t<section data-particle_enable=\"false\" data-particle-mobile-disabled=\"false\" class=\"elementor-section elementor-top-section elementor-element elementor-element-a02a96f elementor-section-boxed elementor-section-height-default elementor-section-height-default\" data-id=\"a02a96f\" data-element_type=\"section\" data-e-type=\"section\">\n\t\t\t\t\t\t<div class=\"elementor-container elementor-column-gap-default\">\n\t\t\t\t\t<div class=\"elementor-column elementor-col-50 elementor-top-column elementor-element elementor-element-908cecf\" data-id=\"908cecf\" data-element_type=\"column\" data-e-type=\"column\">\n\t\t\t<div class=\"elementor-widget-wrap elementor-element-populated\">\n\t\t\t\t\t\t<div class=\"elementor-element elementor-element-50248ee eael-flipbox-content-align-center elementor-widget elementor-widget-eael-flip-box\" data-id=\"50248ee\" data-element_type=\"widget\" data-e-type=\"widget\" data-widget_type=\"eael-flip-box.default\">\n\t\t\t\t<div class=\"elementor-widget-container\">\n\t\t\t\t\t        <div class=\"eael-elements-flip-box-container eael-animate-flip eael-animate-down eael-content eael-flip-box-hover eael-flipbox-fixed-height eael-flipbox-dynamic\">\n\n            <div class=\"eael-elements-flip-box-flip-card\">\n                <div class=\"eael-elements-flip-box-front-container\">\n                    \n                    \n                        <div class=\"eael-elements-slider-display-table\">\n                            <div class=\"eael-elements-flip-box-vertical-align\">\n                                <div class=\"eael-elements-flip-box-padding\">\n                                    <div class=\"eael-elements-flip-box-icon-image\">\n                                                                                    <i aria-hidden=\"true\" class=\"ea-flipbox-icon fas fa-users\"><\/i>                                                                                    <\/div>\n                                    <h2 class=\"eael-elements-flip-box-heading\">House Group<\/h2>                                    <div class=\"eael-elements-flip-box-content\">\n\t                                                                        <\/div>\n                                <\/div>\n                            <\/div>\n                        <\/div>\n                                    <\/div>\n\n                <div class=\"eael-elements-flip-box-rear-container\">\n                                                                <div class=\"eael-elements-slider-display-table\">\n                            <div class=\"eael-elements-flip-box-vertical-align\">\n                                <div class=\"eael-elements-flip-box-padding\">\n                                                                                                            <div class=\"eael-elements-flip-box-content\">\n                                                                            <\/div>\n\n                                                                            <a class=\"flipbox-button\" href=\"https:\/\/www.mosaik.haus\/en\/about\/wir\/\">\n                                                                                        Who we are                                                                                            <\/a>\n                                                                    <\/div>\n                            <\/div>\n                        <\/div>\n                                    <\/div>\n            <\/div>\n        <\/div>\n        \t\t\t\t<\/div>\n\t\t\t\t<\/div>\n\t\t\t\t<div class=\"elementor-element elementor-element-03da40a eael-flipbox-content-align-center elementor-widget elementor-widget-eael-flip-box\" data-id=\"03da40a\" data-element_type=\"widget\" data-e-type=\"widget\" data-widget_type=\"eael-flip-box.default\">\n\t\t\t\t<div class=\"elementor-widget-container\">\n\t\t\t\t\t        <div class=\"eael-elements-flip-box-container eael-animate-flip eael-animate-up eael-content eael-flip-box-hover eael-flipbox-fixed-height eael-flipbox-dynamic\">\n\n            <div class=\"eael-elements-flip-box-flip-card\">\n                <div class=\"eael-elements-flip-box-front-container\">\n                    \n                    \n                        <div class=\"eael-elements-slider-display-table\">\n                            <div class=\"eael-elements-flip-box-vertical-align\">\n                                <div class=\"eael-elements-flip-box-padding\">\n                                    <div class=\"eael-elements-flip-box-icon-image\">\n                                                                                    <i aria-hidden=\"true\" class=\"ea-flipbox-icon fas fa-map-marked-alt\"><\/i>                                                                                    <\/div>\n                                    <h2 class=\"eael-elements-flip-box-heading\">Location<\/h2>                                    <div class=\"eael-elements-flip-box-content\">\n\t                                                                        <\/div>\n                                <\/div>\n                            <\/div>\n                        <\/div>\n                                    <\/div>\n\n                <div class=\"eael-elements-flip-box-rear-container\">\n                                                                <div class=\"eael-elements-slider-display-table\">\n                            <div class=\"eael-elements-flip-box-vertical-align\">\n                                <div class=\"eael-elements-flip-box-padding\">\n                                                                                                            <div class=\"eael-elements-flip-box-content\">\n                                                                            <\/div>\n\n                                                                            <a class=\"flipbox-button\" href=\"https:\/\/www.mosaik.haus\/en\/about\/ort\/\">\n                                                                                        Where we are                                                                                            <\/a>\n                                                                    <\/div>\n                            <\/div>\n                        <\/div>\n                                    <\/div>\n            <\/div>\n        <\/div>\n        \t\t\t\t<\/div>\n\t\t\t\t<\/div>\n\t\t\t\t\t<\/div>\n\t\t<\/div>\n\t\t\t\t<div class=\"elementor-column elementor-col-50 elementor-top-column elementor-element elementor-element-0f6db53\" data-id=\"0f6db53\" data-element_type=\"column\" data-e-type=\"column\">\n\t\t\t<div class=\"elementor-widget-wrap elementor-element-populated\">\n\t\t\t\t\t\t<div class=\"elementor-element elementor-element-bfcf359 eael-flipbox-content-align-center elementor-widget elementor-widget-eael-flip-box\" data-id=\"bfcf359\" data-element_type=\"widget\" data-e-type=\"widget\" data-widget_type=\"eael-flip-box.default\">\n\t\t\t\t<div class=\"elementor-widget-container\">\n\t\t\t\t\t        <div class=\"eael-elements-flip-box-container eael-animate-flip eael-animate-up eael-content eael-flip-box-hover eael-flipbox-fixed-height eael-flipbox-dynamic\">\n\n            <div class=\"eael-elements-flip-box-flip-card\">\n                <div class=\"eael-elements-flip-box-front-container\">\n                    \n                    \n                        <div class=\"eael-elements-slider-display-table\">\n                            <div class=\"eael-elements-flip-box-vertical-align\">\n                                <div class=\"eael-elements-flip-box-padding\">\n                                    <div class=\"eael-elements-flip-box-icon-image\">\n                                                                                    <i aria-hidden=\"true\" class=\"ea-flipbox-icon far fa-eye\"><\/i>                                                                                    <\/div>\n                                    <h2 class=\"eael-elements-flip-box-heading\">Self-perception<\/h2>                                    <div class=\"eael-elements-flip-box-content\">\n\t                                                                        <\/div>\n                                <\/div>\n                            <\/div>\n                        <\/div>\n                                    <\/div>\n\n                <div class=\"eael-elements-flip-box-rear-container\">\n                                                                <div class=\"eael-elements-slider-display-table\">\n                            <div class=\"eael-elements-flip-box-vertical-align\">\n                                <div class=\"eael-elements-flip-box-padding\">\n                                                                                                            <div class=\"eael-elements-flip-box-content\">\n                                                                            <\/div>\n\n                                                                            <a class=\"flipbox-button\" href=\"https:\/\/www.mosaik.haus\/en\/about\/selbst\/\">\n                                                                                        What we are                                                                                            <\/a>\n                                                                    <\/div>\n                            <\/div>\n                        <\/div>\n                                    <\/div>\n            <\/div>\n        <\/div>\n        \t\t\t\t<\/div>\n\t\t\t\t<\/div>\n\t\t\t\t<div class=\"elementor-element elementor-element-04d687f eael-flipbox-content-align-center elementor-widget elementor-widget-eael-flip-box\" data-id=\"04d687f\" data-element_type=\"widget\" data-e-type=\"widget\" data-widget_type=\"eael-flip-box.default\">\n\t\t\t\t<div class=\"elementor-widget-container\">\n\t\t\t\t\t        <div class=\"eael-elements-flip-box-container eael-animate-flip eael-animate-down eael-content eael-flip-box-hover eael-flipbox-fixed-height eael-flipbox-dynamic\">\n\n            <div class=\"eael-elements-flip-box-flip-card\">\n                <div class=\"eael-elements-flip-box-front-container\">\n                    \n                    \n                        <div class=\"eael-elements-slider-display-table\">\n                            <div class=\"eael-elements-flip-box-vertical-align\">\n                                <div class=\"eael-elements-flip-box-padding\">\n                                    <div class=\"eael-elements-flip-box-icon-image\">\n                                                                                    <i aria-hidden=\"true\" class=\"ea-flipbox-icon fas fa-hands-helping\"><\/i>                                                                                    <\/div>\n                                    <h2 class=\"eael-elements-flip-box-heading\">Allies<\/h2>                                    <div class=\"eael-elements-flip-box-content\">\n\t                                                                        <\/div>\n                                <\/div>\n                            <\/div>\n                        <\/div>\n                                    <\/div>\n\n                <div class=\"eael-elements-flip-box-rear-container\">\n                                                                <div class=\"eael-elements-slider-display-table\">\n                            <div class=\"eael-elements-flip-box-vertical-align\">\n                                <div class=\"eael-elements-flip-box-padding\">\n                                                                                                            <div class=\"eael-elements-flip-box-content\">\n                                                                            <\/div>\n\n                                                                            <a class=\"flipbox-button\" href=\"https:\/\/www.mosaik.haus\/en\/about\/verbuendete\/\">\n                                                                                        Our network                                                                                            <\/a>\n                                                                    <\/div>\n                            <\/div>\n                        <\/div>\n                                    <\/div>\n            <\/div>\n        <\/div>\n        \t\t\t\t<\/div>\n\t\t\t\t<\/div>\n\t\t\t\t\t<\/div>\n\t\t<\/div>\n\t\t\t\t\t<\/div>\n\t\t<\/section>\n\t\t\t\t<\/div>","protected":false},"excerpt":{"rendered":"<p>\u00dcber uns Hausgruppe Wer wir sind Ort Wo wir sind Selbst-verst\u00e4ndnis Wie wir sind Verb\u00fcndete Unser Netzwerk<\/p>","protected":false},"author":1,"featured_media":0,"parent":0,"menu_order":0,"comment_status":"closed","ping_status":"closed","template":"","meta":{"_eb_attr":"","_uag_custom_page_level_css":"","site-sidebar-layout":"no-sidebar","site-content-layout":"page-builder","ast-site-content-layout":"default","site-content-style":"default","site-sidebar-style":"default","ast-global-header-display":"","ast-banner-title-visibility":"","ast-main-header-display":"","ast-hfb-above-header-display":"","ast-hfb-below-header-display":"","ast-hfb-mobile-header-display":"","site-post-title":"disabled","ast-breadcrumbs-content":"","ast-featured-img":"disabled","footer-sml-layout":"","ast-disable-related-posts":"","theme-transparent-header-meta":"","adv-header-id-meta":"","stick-header-meta":"","header-above-stick-meta":"","header-main-stick-meta":"","header-below-stick-meta":"","astra-migrate-meta-layouts":"default","ast-page-background-enabled":"default","ast-page-background-meta":{"desktop":{"background-color":"","background-image":"","background-repeat":"repeat","background-position":"center center","background-size":"auto","background-attachment":"scroll","background-type":"","background-media":"","overlay-type":"","overlay-color":"","overlay-opacity":"","overlay-gradient":""},"tablet":{"background-color":"","background-image":"","background-repeat":"repeat","background-position":"center center","background-size":"auto","background-attachment":"scroll","background-type":"","background-media":"","overlay-type":"","overlay-color":"","overlay-opacity":"","overlay-gradient":""},"mobile":{"background-color":"","background-image":"","background-repeat":"repeat","background-position":"center center","background-size":"auto","background-attachment":"scroll","background-type":"","background-media":"","overlay-type":"","overlay-color":"","overlay-opacity":"","overlay-gradient":""}},"ast-content-background-meta":{"desktop":{"background-color":"var(--ast-global-color-5)","background-image":"","background-repeat":"repeat","background-position":"center center","background-size":"auto","background-attachment":"scroll","background-type":"","background-media":"","overlay-type":"","overlay-color":"","overlay-opacity":"","overlay-gradient":""},"tablet":{"background-color":"var(--ast-global-color-5)","background-image":"","background-repeat":"repeat","background-position":"center center","background-size":"auto","background-attachment":"scroll","background-type":"","background-media":"","overlay-type":"","overlay-color":"","overlay-opacity":"","overlay-gradient":""},"mobile":{"background-color":"var(--ast-global-color-5)","background-image":"","background-repeat":"repeat","background-position":"center center","background-size":"auto","background-attachment":"scroll","background-type":"","background-media":"","overlay-type":"","overlay-color":"","overlay-opacity":"","overlay-gradient":""}},"footnotes":""},"class_list":["post-1646","page","type-page","status-publish","hentry"],"uagb_featured_image_src":{"full":false,"thumbnail":false,"medium":false,"medium_large":false,"large":false,"1536x1536":false,"2048x2048":false,"trp-custom-language-flag":false},"uagb_author_info":{"display_name":"Mosaik-Haus","author_link":"https:\/\/www.mosaik.haus\/en\/author\/mosaikhaus\/"},"uagb_comment_info":0,"uagb_excerpt":"\u00dcber uns Hausgruppe Wer wir sind Ort Wo wir sind Selbst-verst\u00e4ndnis Wie wir sind Verb\u00fcndete Unser Netzwerk","_links":{"self":[{"href":"https:\/\/www.mosaik.haus\/en\/wp-json\/wp\/v2\/pages\/1646","targetHints":{"allow":["GET"]}}],"collection":[{"href":"https:\/\/www.mosaik.haus\/en\/wp-json\/wp\/v2\/pages"}],"about":[{"href":"https:\/\/www.mosaik.haus\/en\/wp-json\/wp\/v2\/types\/page"}],"author":[{"embeddable":true,"href":"https:\/\/www.mosaik.haus\/en\/wp-json\/wp\/v2\/users\/1"}],"replies":[{"embeddable":true,"href":"https:\/\/www.mosaik.haus\/en\/wp-json\/wp\/v2\/comments?post=1646"}],"version-history":[{"count":46,"href":"https:\/\/www.mosaik.haus\/en\/wp-json\/wp\/v2\/pages\/1646\/revisions"}],"predecessor-version":[{"id":1950,"href":"https:\/\/www.mosaik.haus\/en\/wp-json\/wp\/v2\/pages\/1646\/revisions\/1950"}],"wp:attachment":[{"href":"https:\/\/www.mosaik.haus\/en\/wp-json\/wp\/v2\/media?parent=1646"}],"curies":[{"name":"wp","href":"https:\/\/api.w.org\/{rel}","templated":true}]}}