{"id":1612,"date":"2023-02-06T15:19:32","date_gmt":"2023-02-06T14:19:32","guid":{"rendered":"https:\/\/www.mosaik.haus\/?page_id=1612"},"modified":"2024-05-17T15:06:13","modified_gmt":"2024-05-17T13:06:13","slug":"impressum","status":"publish","type":"page","link":"https:\/\/www.mosaik.haus\/en\/impressum\/","title":{"rendered":"Imprint"},"content":{"rendered":"\t\t<div data-elementor-type=\"wp-page\" data-elementor-id=\"1612\" class=\"elementor elementor-1612\" data-elementor-post-type=\"page\">\n\t\t\t\t\t\t<section data-particle_enable=\"false\" data-particle-mobile-disabled=\"false\" class=\"elementor-section elementor-top-section elementor-element elementor-element-f3b4b7a elementor-section-height-min-height elementor-section-boxed elementor-section-height-default elementor-section-items-middle\" data-id=\"f3b4b7a\" data-element_type=\"section\" data-e-type=\"section\" data-settings=\"{&quot;background_background&quot;:&quot;classic&quot;}\">\n\t\t\t\t\t\t<div class=\"elementor-container elementor-column-gap-default\">\n\t\t\t\t\t<div class=\"elementor-column elementor-col-100 elementor-top-column elementor-element elementor-element-9922170\" data-id=\"9922170\" data-element_type=\"column\" data-e-type=\"column\">\n\t\t\t<div class=\"elementor-widget-wrap elementor-element-populated\">\n\t\t\t\t\t\t<div class=\"elementor-element elementor-element-2c72434 elementor-widget elementor-widget-heading\" data-id=\"2c72434\" data-element_type=\"widget\" data-e-type=\"widget\" data-widget_type=\"heading.default\">\n\t\t\t\t<div class=\"elementor-widget-container\">\n\t\t\t\t\t<h2 class=\"elementor-heading-title elementor-size-default\">Impressum<\/h2>\t\t\t\t<\/div>\n\t\t\t\t<\/div>\n\t\t\t\t\t<\/div>\n\t\t<\/div>\n\t\t\t\t\t<\/div>\n\t\t<\/section>\n\t\t\t\t<section data-particle_enable=\"false\" data-particle-mobile-disabled=\"false\" class=\"elementor-section elementor-top-section elementor-element elementor-element-9adbcf4 elementor-section-boxed elementor-section-height-default elementor-section-height-default\" data-id=\"9adbcf4\" data-element_type=\"section\" data-e-type=\"section\">\n\t\t\t\t\t\t<div class=\"elementor-container elementor-column-gap-default\">\n\t\t\t\t\t<div class=\"elementor-column elementor-col-100 elementor-top-column elementor-element elementor-element-67b390d\" data-id=\"67b390d\" data-element_type=\"column\" data-e-type=\"column\">\n\t\t\t<div class=\"elementor-widget-wrap elementor-element-populated\">\n\t\t\t\t\t\t<div class=\"elementor-element elementor-element-cd3b495 elementor-widget elementor-widget-text-editor\" data-id=\"cd3b495\" data-element_type=\"widget\" data-e-type=\"widget\" data-widget_type=\"text-editor.default\">\n\t\t\t\t<div class=\"elementor-widget-container\">\n\t\t\t\t\t\t\t\t\t<pre style=\"font-style: inherit; font-weight: 400;\">Angaben gem\u00e4\u00df \u00a7 5 TMG<\/pre>\n<h2 style=\"font-style: inherit; font-weight: 400;\"><b><strong style=\"font-style: inherit;\">Diensteanbieter<\/strong><\/b><\/h2>\n<p>Die Bewohner*innen der<br>Talstra\u00dfe 34<br>01816 Bad Gottleuba-Berggie\u00dfh\u00fcbel<\/p><h2 style=\"font-style: inherit; font-weight: 400;\"><b><strong style=\"font-style: inherit;\">Kontakm\u00f6glichkeiten<\/strong><\/b><\/h2>\n<p>E-Mail-Adresse: <a href=\"mailto:info@mosaik.haus\">info[at]mosaik.haus<\/a><br><\/p>\n<h2 style=\"font-style: inherit; font-weight: 400;\"><b><strong style=\"font-style: inherit;\">Datenschutz<\/strong><\/b><\/h2>\n<p style=\"font-style: inherit; font-weight: inherit;\">Hier finden Sie unsere&nbsp;<a style=\"font-style: inherit; font-weight: inherit;\" href=\"https:\/\/www.mosaik.haus\/datenschutz\/\">Datenschutzrichtlinie<\/a>.<\/p>\n<h2 style=\"font-style: inherit; font-weight: 400;\"><b><strong style=\"font-style: inherit;\">Newsletter<\/strong><\/b><\/h2>\n<p style=\"font-style: inherit; font-weight: inherit;\">Wenn Sie sich f\u00fcr einen Newsletter anmelden, werden die eingegebenen Daten ausschlie\u00dflich f\u00fcr den Newsletterversand verwendet. Die Daten werden gel\u00f6scht sobald Sie den Newsletter abbestellen.<\/p>\n<h2 style=\"font-style: inherit; font-weight: 400;\"><b><strong style=\"font-style: inherit;\">Haftung f\u00fcr Inhalte<\/strong><\/b><\/h2>\n<p style=\"font-style: inherit; font-weight: inherit;\">Als Diensteanbieter sind wir f\u00fcr eigene Inhalte auf unseren Seiten nach den allgemeinen Grunds\u00e4tzen gem\u00e4\u00df \u00a7 7 Abs.1 TMG verantwortlich. Nach \u00a7\u00a7 8 bis 10 TMG sind wir jedoch nicht verpflichtet, \u00fcbermittelte oder gespeicherte fremde Informationen zu \u00fcberwachen oder nach Umst\u00e4nden zu forschen, die auf eine rechtswidrige T\u00e4tigkeit hinweisen.&nbsp;Eine diesbez\u00fcgliche Haftung ist jedoch erst ab dem Zeitpunkt der Kenntnis einer konkreten Rechtsverletzung m\u00f6glich. Bei Bekanntwerden von entsprechenden Rechtsverletzungen werden wir diese Inhalte umgehend entfernen.<\/p>\n<h2 style=\"font-style: inherit; font-weight: 400;\"><b><strong style=\"font-style: inherit;\">Haftung f\u00fcr Links<\/strong><\/b><\/h2>\n<p style=\"font-style: inherit; font-weight: inherit;\">Unser Angebot enth\u00e4lt Links zu externen Webseiten Dritter, auf deren Inhalte wir keinen Einfluss haben. F\u00fcr die Inhalte der verlinkten Seiten ist stets der jeweilige Anbieter der Seiten verantwortlich. Die verlinkten Seiten wurden zum Zeitpunkt der Verlinkung auf m\u00f6gliche Rechtsverst\u00f6\u00dfe \u00fcberpr\u00fcft. Rechtswidrige Inhalte waren zum Zeitpunkt der Verlinkung nicht erkennbar. Eine st\u00e4ndige Kontrolle der externen Links ist f\u00fcr den Anbieter ohne konkrete Hinweise auf Rechtsverst\u00f6\u00dfe nicht zumutbar. Bei Kenntnis von Rechtsverst\u00f6\u00dfen werden jedoch derartige externe Links unverz\u00fcglich gel\u00f6scht.<\/p>\n<h2 style=\"font-style: inherit; font-weight: 400;\"><b><strong style=\"font-style: inherit;\">Urheberrecht<\/strong><\/b><\/h2>\n<p style=\"font-style: inherit; font-weight: inherit;\">Die durch die Seitenbetreiber erstellten Inhalte und Werke auf diesen Seiten unterliegen dem deutschen Urheberrecht. Die Vervielf\u00e4ltigung, Bearbeitung, Verbreitung und jede Art der Verwertung au\u00dferhalb der Grenzen des Urheberrechtes bed\u00fcrfen der schriftlichen Zustimmung des jeweiligen Autors bzw. Erstellers. Downloads und Kopien dieser Seite sind nur f\u00fcr den privaten, nicht kommerziellen Gebrauch gestattet.<\/p>\n<p style=\"font-style: inherit; font-weight: inherit;\">Soweit die Inhalte auf dieser Seite nicht vom Betreiber erstellt wurden, werden die Urheberrechte Dritter beachtet. Insbesondere werden Inhalte Dritter als solche gekennzeichnet. Sollten Sie trotzdem auf eine Urheberrechtsverletzung aufmerksam werden, bitten wir um einen entsprechenden Hinweis. Bei Bekanntwerden von Rechtsverletzungen werden wir derartige Inhalte umgehend entfernen.<\/p>\n<h2 style=\"font-style: inherit; font-weight: 400;\"><b><strong style=\"font-style: inherit;\">Audiovisuelle Mediendienste<\/strong><\/b><\/h2>\n<p>Sitzland: Deutschland.<br>Zust\u00e4ndige Regulierungs-, bzw. Aufsichtsbeh\u00f6rde: S\u00e4chsische Landesanstalt f\u00fcr privaten Rundfunk und neue Medien (SLM), <a href=\"https:\/\/www.slm-online.de\/\" target=\"_blank\" rel=\"noopener\">https:\/\/www.slm-online.de\/<\/a><\/p>\t\t\t\t\t\t\t\t<\/div>\n\t\t\t\t<\/div>\n\t\t\t\t\t<\/div>\n\t\t<\/div>\n\t\t\t\t\t<\/div>\n\t\t<\/section>\n\t\t\t\t<\/div>\n\t\t","protected":false},"excerpt":{"rendered":"<p>Impressum Angaben gem\u00e4\u00df \u00a7 5 TMG Diensteanbieter Die Bewohner*innen derTalstra\u00dfe 3401816 Bad Gottleuba-Berggie\u00dfh\u00fcbel Kontakm\u00f6glichkeiten E-Mail-Adresse: info[at]mosaik.haus Datenschutz Hier finden Sie unsere&nbsp;Datenschutzrichtlinie. Newsletter Wenn Sie sich f\u00fcr einen Newsletter anmelden, werden die eingegebenen Daten ausschlie\u00dflich f\u00fcr den Newsletterversand verwendet. Die Daten werden gel\u00f6scht sobald Sie den Newsletter abbestellen. Haftung f\u00fcr Inhalte Als Diensteanbieter sind wir f\u00fcr [&hellip;]<\/p>\n","protected":false},"author":1,"featured_media":0,"parent":0,"menu_order":0,"comment_status":"closed","ping_status":"closed","template":"","meta":{"_eb_attr":"","_uag_custom_page_level_css":"","site-sidebar-layout":"no-sidebar","site-content-layout":"page-builder","ast-site-content-layout":"default","site-content-style":"default","site-sidebar-style":"default","ast-global-header-display":"","ast-banner-title-visibility":"","ast-main-header-display":"","ast-hfb-above-header-display":"","ast-hfb-below-header-display":"","ast-hfb-mobile-header-display":"","site-post-title":"disabled","ast-breadcrumbs-content":"","ast-featured-img":"disabled","footer-sml-layout":"","ast-disable-related-posts":"","theme-transparent-header-meta":"","adv-header-id-meta":"","stick-header-meta":"","header-above-stick-meta":"","header-main-stick-meta":"","header-below-stick-meta":"","astra-migrate-meta-layouts":"default","ast-page-background-enabled":"default","ast-page-background-meta":{"desktop":{"background-color":"","background-image":"","background-repeat":"repeat","background-position":"center center","background-size":"auto","background-attachment":"scroll","background-type":"","background-media":"","overlay-type":"","overlay-color":"","overlay-opacity":"","overlay-gradient":""},"tablet":{"background-color":"","background-image":"","background-repeat":"repeat","background-position":"center center","background-size":"auto","background-attachment":"scroll","background-type":"","background-media":"","overlay-type":"","overlay-color":"","overlay-opacity":"","overlay-gradient":""},"mobile":{"background-color":"","background-image":"","background-repeat":"repeat","background-position":"center center","background-size":"auto","background-attachment":"scroll","background-type":"","background-media":"","overlay-type":"","overlay-color":"","overlay-opacity":"","overlay-gradient":""}},"ast-content-background-meta":{"desktop":{"background-color":"var(--ast-global-color-5)","background-image":"","background-repeat":"repeat","background-position":"center center","background-size":"auto","background-attachment":"scroll","background-type":"","background-media":"","overlay-type":"","overlay-color":"","overlay-opacity":"","overlay-gradient":""},"tablet":{"background-color":"var(--ast-global-color-5)","background-image":"","background-repeat":"repeat","background-position":"center center","background-size":"auto","background-attachment":"scroll","background-type":"","background-media":"","overlay-type":"","overlay-color":"","overlay-opacity":"","overlay-gradient":""},"mobile":{"background-color":"var(--ast-global-color-5)","background-image":"","background-repeat":"repeat","background-position":"center center","background-size":"auto","background-attachment":"scroll","background-type":"","background-media":"","overlay-type":"","overlay-color":"","overlay-opacity":"","overlay-gradient":""}},"footnotes":""},"class_list":["post-1612","page","type-page","status-publish","hentry"],"uagb_featured_image_src":{"full":false,"thumbnail":false,"medium":false,"medium_large":false,"large":false,"1536x1536":false,"2048x2048":false,"trp-custom-language-flag":false},"uagb_author_info":{"display_name":"Mosaik-Haus","author_link":"https:\/\/www.mosaik.haus\/en\/author\/mosaikhaus\/"},"uagb_comment_info":0,"uagb_excerpt":"Impressum Angaben gem\u00e4\u00df \u00a7 5 TMG Diensteanbieter Die Bewohner*innen derTalstra\u00dfe 3401816 Bad Gottleuba-Berggie\u00dfh\u00fcbel Kontakm\u00f6glichkeiten E-Mail-Adresse: info[at]mosaik.haus Datenschutz Hier finden Sie unsere&nbsp;Datenschutzrichtlinie. Newsletter Wenn Sie sich f\u00fcr einen Newsletter anmelden, werden die eingegebenen Daten ausschlie\u00dflich f\u00fcr den Newsletterversand verwendet. Die Daten werden gel\u00f6scht sobald Sie den Newsletter abbestellen. Haftung f\u00fcr Inhalte Als Diensteanbieter sind wir f\u00fcr&hellip;","_links":{"self":[{"href":"https:\/\/www.mosaik.haus\/en\/wp-json\/wp\/v2\/pages\/1612","targetHints":{"allow":["GET"]}}],"collection":[{"href":"https:\/\/www.mosaik.haus\/en\/wp-json\/wp\/v2\/pages"}],"about":[{"href":"https:\/\/www.mosaik.haus\/en\/wp-json\/wp\/v2\/types\/page"}],"author":[{"embeddable":true,"href":"https:\/\/www.mosaik.haus\/en\/wp-json\/wp\/v2\/users\/1"}],"replies":[{"embeddable":true,"href":"https:\/\/www.mosaik.haus\/en\/wp-json\/wp\/v2\/comments?post=1612"}],"version-history":[{"count":16,"href":"https:\/\/www.mosaik.haus\/en\/wp-json\/wp\/v2\/pages\/1612\/revisions"}],"predecessor-version":[{"id":3326,"href":"https:\/\/www.mosaik.haus\/en\/wp-json\/wp\/v2\/pages\/1612\/revisions\/3326"}],"wp:attachment":[{"href":"https:\/\/www.mosaik.haus\/en\/wp-json\/wp\/v2\/media?parent=1612"}],"curies":[{"name":"wp","href":"https:\/\/api.w.org\/{rel}","templated":true}]}}